{"id":6741,"date":"2023-11-24T10:12:29","date_gmt":"2023-11-24T10:12:29","guid":{"rendered":"https:\/\/www.case.international\/?page_id=6741"},"modified":"2025-10-08T01:06:27","modified_gmt":"2025-10-08T01:06:27","slug":"careers","status":"publish","type":"page","link":"https:\/\/www.case.international\/pt\/careers\/","title":{"rendered":"Carreiras"},"content":{"rendered":"","protected":false},"excerpt":{"rendered":"","protected":false},"author":20,"featured_media":7407,"parent":0,"menu_order":0,"comment_status":"closed","ping_status":"closed","template":"","meta":{"_acf_changed":false,"footnotes":""},"class_list":["post-6741","page","type-page","status-publish","has-post-thumbnail","hentry"],"acf":{"header_section":{"heading":"Careers","sub_heading":"Shape the future of infrastructure and engineering with us"},"our_people_section":{"title":"<span><span>Nosso<\/span> <span>pessoas<\/span><\/span> <span><span>s\u00e3o<\/span> <span>nosso<\/span> <span style=\"color: #f36f2b\">mais forte<\/span> <span style=\"color: #f36f2b\">pilar<\/span><\/span>","description":"Estamos em uma trajet\u00f3ria de expans\u00e3o cont\u00ednua, tanto na Austr\u00e1lia quanto no mundo todo. Convidamos engenheiros com uma vis\u00e3o semelhante \u00e0 nossa a fazerem parte dessa jornada. Nossos colaboradores s\u00e3o o nosso maior pilar. Integrar nossa equipe significa juntar-se a um grupo unido de especialistas em engenharia que se apoiam mutuamente em todos os seus projetos.","button_name":"OPEN ROLES","button_link":{"title":"Carreiras","url":"https:\/\/www.case.international\/available-positions\/","target":""}},"who_we_are_section":{"title":"Quem n\u00f3s <span>s\u00e3o<\/span>","description":"Orgulhamo-nos de ser um coletivo com foco na fam\u00edlia e liderado pela engenharia, que facilita importantes projetos de infraestrutura em todo o mundo. Reconhecidos pela nossa capacidade de impulsionar projetos paralisados e conduzir iniciativas complexas de grande escala, adaptamos as nossas solu\u00e7\u00f5es para atender \u00e0s diversas necessidades dos nossos clientes em diferentes regi\u00f5es do mundo. Presentes quando voc\u00ea precisa, conquistamos uma s\u00f3lida reputa\u00e7\u00e3o com base na nossa expertise t\u00e9cnica e abordagem colaborativa, o que nos torna um parceiro confi\u00e1vel em momentos de alta demanda e cargas de trabalho vari\u00e1veis. Dentro do Grupo CaSE, oferecemos cinco \u00e1reas de atua\u00e7\u00e3o especializadas:","image":7247},"our_vision":{"title":"Nosso <span>Vis\u00e3o<\/span>","description":"Para capacitar nossos parceiros a moldar o futuro, inovar continuamente e promover colabora\u00e7\u00f5es que deixem um legado duradouro no dom\u00ednio da infraestrutura.","first_image":6783,"first_image_copy":7281},"our_people":{"title":"Nosso <span>Pessoas<\/span>","description":"A compet\u00eancia e a resili\u00eancia de nossa equipe servem como alicerce para o legado que estamos construindo. Cada indiv\u00edduo desempenha um papel essencial e n\u00e3o \u00e9 apenas mais um na multid\u00e3o, mas um elemento fundamental para o nosso sucesso coletivo. Todos os nossos engenheiros da CaSE sentem a emo\u00e7\u00e3o de resolver problemas complexos em alguns dos maiores projetos de infraestrutura do mundo, e sabemos que voc\u00ea tamb\u00e9m sentir\u00e1. Visite nossa p\u00e1gina da Equipe para saber mais sobre a equipe com a qual voc\u00ea unir\u00e1 for\u00e7as ao ingressar na equipe da CaSE.","first_image":7405,"second_image":7291,"button_name":"Learn more","button_link":{"title":"Nosso povo","url":"https:\/\/www.case.international\/team","target":""}},"our_culture":{"title":"Nosso <span>Cultura<\/span>","description":"Trabalhamos em projetos de vanguarda com uma equipe de profissionais que deixam um impacto duradouro em seus projetos e colegas. Nossa equipe prospera em uma cultura baseada na admira\u00e7\u00e3o e coopera\u00e7\u00e3o coletivas, garantindo que todos colaborem para entregar resultados incompar\u00e1veis, tanto para os colegas quanto para os parceiros. Tamb\u00e9m adoramos reservar um tempo para celebrar o sucesso de nossos clientes e da nossa equipe ao longo do caminho.","first_image":7251,"second_image":7250},"our_projects":{"title":"Nosso <span>Projetos<\/span>","description":"Seja no projeto, na constru\u00e7\u00e3o ou na gest\u00e3o de tr\u00e1fego, a CaSE oferece experi\u00eancia e suporte incompar\u00e1veis em todas as etapas do ciclo de vida do projeto em diversos setores, como pontes, ferrovias, rodovias, t\u00faneis e aeroportos. Somos especialistas em resolver os problemas mais complexos quando outros n\u00e3o conseguem, o que nos torna um parceiro confi\u00e1vel em momentos de alta demanda e cargas de trabalho vari\u00e1veis. Visite nossa p\u00e1gina de Projetos aqui para saber mais sobre os tipos de projetos nos quais voc\u00ea trabalhar\u00e1 ao ingressar na equipe da CaSE.","first_image":7121,"project_second_image":7282,"button_name":"Learn more","button_link":{"title":"Arquivo do Projeto","url":"https:\/\/www.case.international\/projects\/","target":""}},"our_benefit":{"title":"<span><span style=\"color: #fff\">Nosso<\/span><\/span> <span><span style=\"color: #f36f2b\">Benef\u00edcios<\/span><\/span>","content":"Nosso compromisso com o sucesso vai muito al\u00e9m das realiza\u00e7\u00f5es dos projetos \u2013 est\u00e1 no cerne do nosso investimento nas pessoas. Desde iniciativas de mentoria a oportunidades de aprendizagem cont\u00ednua, apoio \u00e0 sa\u00fade mental e medidas proativas para enfrentar os desafios econ\u00f3micos, o nosso foco na nossa equipa constitui a pedra angular da experi\u00eancia CaSE. Visite nossa p\u00e1gina de benef\u00edcios e conhe\u00e7a mais sobre nossas iniciativas.","button_name":"LEARN MORE","button_link":{"title":"Benef\u00edcios","url":"https:\/\/www.case.international\/benefits\/","target":""}},"work_at_case":{"title":"<span><span style=\"color: #fff\">Trabalhar<\/span><\/span> <span><span style=\"color: #f36f2b\">no<\/span> <span style=\"color: #f36f2b\">Caso<\/span><\/span>","content":"Na CaSE, a diversidade n\u00e3o \u00e9 apenas aceita; \u00e9 comemorado. Como empregador que oferece oportunidades iguais, celebramos as diferen\u00e7as, reconhecendo as contribui\u00e7\u00f5es \u00fanicas da nossa for\u00e7a de trabalho global com mais de 20 nacionalidades. Nosso compromisso vai al\u00e9m da ret\u00f3rica, abrangendo iniciativas estrat\u00e9gicas, desde contrata\u00e7\u00f5es imparciais at\u00e9 programas educacionais personalizados e projetados. Nossa equipe conectada permanece na vanguarda por meio de atualiza\u00e7\u00f5es trimestrais, eventos do setor e parcerias estrat\u00e9gicas para garantir o crescimento profissional em um cen\u00e1rio de engenharia em constante evolu\u00e7\u00e3o.","button_nmae":"LEARN MORE","button_link":{"title":"O Grupo CASE","url":"https:\/\/www.case.international\/the-case-group\/","target":""}}},"_links":{"self":[{"href":"https:\/\/www.case.international\/pt\/wp-json\/wp\/v2\/pages\/6741","targetHints":{"allow":["GET"]}}],"collection":[{"href":"https:\/\/www.case.international\/pt\/wp-json\/wp\/v2\/pages"}],"about":[{"href":"https:\/\/www.case.international\/pt\/wp-json\/wp\/v2\/types\/page"}],"author":[{"embeddable":true,"href":"https:\/\/www.case.international\/pt\/wp-json\/wp\/v2\/users\/20"}],"replies":[{"embeddable":true,"href":"https:\/\/www.case.international\/pt\/wp-json\/wp\/v2\/comments?post=6741"}],"version-history":[{"count":9,"href":"https:\/\/www.case.international\/pt\/wp-json\/wp\/v2\/pages\/6741\/revisions"}],"predecessor-version":[{"id":7725,"href":"https:\/\/www.case.international\/pt\/wp-json\/wp\/v2\/pages\/6741\/revisions\/7725"}],"wp:featuredmedia":[{"embeddable":true,"href":"https:\/\/www.case.international\/pt\/wp-json\/wp\/v2\/media\/7407"}],"wp:attachment":[{"href":"https:\/\/www.case.international\/pt\/wp-json\/wp\/v2\/media?parent=6741"}],"curies":[{"name":"wp","href":"https:\/\/api.w.org\/{rel}","templated":true}]}}